{"id":15751,"date":"2016-09-02T09:07:21","date_gmt":"2016-09-02T09:07:21","guid":{"rendered":"https:\/\/mkm.pt\/new\/?page_id=15751"},"modified":"2025-10-06T16:23:02","modified_gmt":"2025-10-06T16:23:02","slug":"media","status":"publish","type":"page","link":"https:\/\/mkm.pt\/en\/media\/","title":{"rendered":"Media"},"content":{"rendered":"","protected":false},"excerpt":{"rendered":"","protected":false},"author":4,"featured_media":0,"parent":0,"menu_order":0,"comment_status":"closed","ping_status":"closed","template":"","meta":{"footnotes":""},"class_list":["post-15751","page","type-page","status-publish","hentry"],"yoast_head":"<!-- This site is optimized with the Yoast SEO plugin v27.1.1 - https:\/\/yoast.com\/product\/yoast-seo-wordpress\/ -->\n<title>Media - MKM - Build and Design<\/title>\n<meta name=\"robots\" content=\"index, follow, max-snippet:-1, max-image-preview:large, max-video-preview:-1\" \/>\n<link rel=\"canonical\" href=\"https:\/\/mkm.pt\/en\/media\/\" \/>\n<meta property=\"og:locale\" content=\"en_US\" \/>\n<meta property=\"og:type\" content=\"article\" \/>\n<meta property=\"og:title\" content=\"Media - MKM - Build and Design\" \/>\n<meta property=\"og:url\" content=\"https:\/\/mkm.pt\/en\/media\/\" \/>\n<meta property=\"og:site_name\" content=\"MKM - Build and Design\" \/>\n<meta property=\"article:publisher\" content=\"https:\/\/www.facebook.com\/MKM.BUILD.DESIGN\/\" \/>\n<meta property=\"article:modified_time\" content=\"2025-10-06T16:23:02+00:00\" \/>\n<script type=\"application\/ld+json\" class=\"yoast-schema-graph\">{\"@context\":\"https:\/\/schema.org\",\"@graph\":[{\"@type\":\"WebPage\",\"@id\":\"https:\/\/mkm.pt\/en\/media\/\",\"url\":\"https:\/\/mkm.pt\/en\/media\/\",\"name\":\"Media - MKM - Build and Design\",\"isPartOf\":{\"@id\":\"https:\/\/mkm.pt\/en\/#website\"},\"datePublished\":\"2016-09-02T09:07:21+00:00\",\"dateModified\":\"2025-10-06T16:23:02+00:00\",\"breadcrumb\":{\"@id\":\"https:\/\/mkm.pt\/en\/media\/#breadcrumb\"},\"inLanguage\":\"en-US\",\"potentialAction\":[{\"@type\":\"ReadAction\",\"target\":[\"https:\/\/mkm.pt\/en\/media\/\"]}]},{\"@type\":\"BreadcrumbList\",\"@id\":\"https:\/\/mkm.pt\/en\/media\/#breadcrumb\",\"itemListElement\":[{\"@type\":\"ListItem\",\"position\":1,\"name\":\"In\u00edcio\",\"item\":\"https:\/\/mkm.pt\/en\/\"},{\"@type\":\"ListItem\",\"position\":2,\"name\":\"Media\"}]},{\"@type\":\"WebSite\",\"@id\":\"https:\/\/mkm.pt\/en\/#website\",\"url\":\"https:\/\/mkm.pt\/en\/\",\"name\":\"MKM - Build and Design\",\"description\":\"A MKM \u2013 Build &amp; Design \u00e9 uma empresa especializada em v\u00e1rias \u00e1reas do setor da constru\u00e7\u00e3o, oferecendo solu\u00e7\u00f5es chave na m\u00e3o. Acompanhamos cada projeto desde a fase inicial de arquitetura, passando pela execu\u00e7\u00e3o da obra, at\u00e9 aos detalhes de interiores e acabamentos.\",\"publisher\":{\"@id\":\"https:\/\/mkm.pt\/en\/#organization\"},\"alternateName\":\"MKM\",\"potentialAction\":[{\"@type\":\"SearchAction\",\"target\":{\"@type\":\"EntryPoint\",\"urlTemplate\":\"https:\/\/mkm.pt\/en\/?s={search_term_string}\"},\"query-input\":{\"@type\":\"PropertyValueSpecification\",\"valueRequired\":true,\"valueName\":\"search_term_string\"}}],\"inLanguage\":\"en-US\"},{\"@type\":\"Organization\",\"@id\":\"https:\/\/mkm.pt\/en\/#organization\",\"name\":\"MKM - Build and Design\",\"url\":\"https:\/\/mkm.pt\/en\/\",\"logo\":{\"@type\":\"ImageObject\",\"inLanguage\":\"en-US\",\"@id\":\"https:\/\/mkm.pt\/en\/#\/schema\/logo\/image\/\",\"url\":\"https:\/\/mkm.pt\/wp-content\/uploads\/2025\/10\/logotipo_MKM-2.png\",\"contentUrl\":\"https:\/\/mkm.pt\/wp-content\/uploads\/2025\/10\/logotipo_MKM-2.png\",\"width\":528,\"height\":528,\"caption\":\"MKM - Build and Design\"},\"image\":{\"@id\":\"https:\/\/mkm.pt\/en\/#\/schema\/logo\/image\/\"},\"sameAs\":[\"https:\/\/www.facebook.com\/MKM.BUILD.DESIGN\/\",\"https:\/\/www.instagram.com\/mkm.pt\/\",\"https:\/\/www.linkedin.com\/company\/mkm-builddesign\/\"]}]}<\/script>\n<!-- \/ Yoast SEO plugin. -->","yoast_head_json":{"title":"Media - MKM - Build and Design","robots":{"index":"index","follow":"follow","max-snippet":"max-snippet:-1","max-image-preview":"max-image-preview:large","max-video-preview":"max-video-preview:-1"},"canonical":"https:\/\/mkm.pt\/en\/media\/","og_locale":"en_US","og_type":"article","og_title":"Media - MKM - Build and Design","og_url":"https:\/\/mkm.pt\/en\/media\/","og_site_name":"MKM - Build and Design","article_publisher":"https:\/\/www.facebook.com\/MKM.BUILD.DESIGN\/","article_modified_time":"2025-10-06T16:23:02+00:00","schema":{"@context":"https:\/\/schema.org","@graph":[{"@type":"WebPage","@id":"https:\/\/mkm.pt\/en\/media\/","url":"https:\/\/mkm.pt\/en\/media\/","name":"Media - MKM - Build and Design","isPartOf":{"@id":"https:\/\/mkm.pt\/en\/#website"},"datePublished":"2016-09-02T09:07:21+00:00","dateModified":"2025-10-06T16:23:02+00:00","breadcrumb":{"@id":"https:\/\/mkm.pt\/en\/media\/#breadcrumb"},"inLanguage":"en-US","potentialAction":[{"@type":"ReadAction","target":["https:\/\/mkm.pt\/en\/media\/"]}]},{"@type":"BreadcrumbList","@id":"https:\/\/mkm.pt\/en\/media\/#breadcrumb","itemListElement":[{"@type":"ListItem","position":1,"name":"In\u00edcio","item":"https:\/\/mkm.pt\/en\/"},{"@type":"ListItem","position":2,"name":"Media"}]},{"@type":"WebSite","@id":"https:\/\/mkm.pt\/en\/#website","url":"https:\/\/mkm.pt\/en\/","name":"MKM - Build and Design","description":"A MKM \u2013 Build &amp; Design \u00e9 uma empresa especializada em v\u00e1rias \u00e1reas do setor da constru\u00e7\u00e3o, oferecendo solu\u00e7\u00f5es chave na m\u00e3o. Acompanhamos cada projeto desde a fase inicial de arquitetura, passando pela execu\u00e7\u00e3o da obra, at\u00e9 aos detalhes de interiores e acabamentos.","publisher":{"@id":"https:\/\/mkm.pt\/en\/#organization"},"alternateName":"MKM","potentialAction":[{"@type":"SearchAction","target":{"@type":"EntryPoint","urlTemplate":"https:\/\/mkm.pt\/en\/?s={search_term_string}"},"query-input":{"@type":"PropertyValueSpecification","valueRequired":true,"valueName":"search_term_string"}}],"inLanguage":"en-US"},{"@type":"Organization","@id":"https:\/\/mkm.pt\/en\/#organization","name":"MKM - Build and Design","url":"https:\/\/mkm.pt\/en\/","logo":{"@type":"ImageObject","inLanguage":"en-US","@id":"https:\/\/mkm.pt\/en\/#\/schema\/logo\/image\/","url":"https:\/\/mkm.pt\/wp-content\/uploads\/2025\/10\/logotipo_MKM-2.png","contentUrl":"https:\/\/mkm.pt\/wp-content\/uploads\/2025\/10\/logotipo_MKM-2.png","width":528,"height":528,"caption":"MKM - Build and Design"},"image":{"@id":"https:\/\/mkm.pt\/en\/#\/schema\/logo\/image\/"},"sameAs":["https:\/\/www.facebook.com\/MKM.BUILD.DESIGN\/","https:\/\/www.instagram.com\/mkm.pt\/","https:\/\/www.linkedin.com\/company\/mkm-builddesign\/"]}]}},"_links":{"self":[{"href":"https:\/\/mkm.pt\/en\/wp-json\/wp\/v2\/pages\/15751","targetHints":{"allow":["GET"]}}],"collection":[{"href":"https:\/\/mkm.pt\/en\/wp-json\/wp\/v2\/pages"}],"about":[{"href":"https:\/\/mkm.pt\/en\/wp-json\/wp\/v2\/types\/page"}],"author":[{"embeddable":true,"href":"https:\/\/mkm.pt\/en\/wp-json\/wp\/v2\/users\/4"}],"replies":[{"embeddable":true,"href":"https:\/\/mkm.pt\/en\/wp-json\/wp\/v2\/comments?post=15751"}],"version-history":[{"count":2,"href":"https:\/\/mkm.pt\/en\/wp-json\/wp\/v2\/pages\/15751\/revisions"}],"predecessor-version":[{"id":15753,"href":"https:\/\/mkm.pt\/en\/wp-json\/wp\/v2\/pages\/15751\/revisions\/15753"}],"wp:attachment":[{"href":"https:\/\/mkm.pt\/en\/wp-json\/wp\/v2\/media?parent=15751"}],"curies":[{"name":"wp","href":"https:\/\/api.w.org\/{rel}","templated":true}]}}